{"id":60,"date":"2024-06-29T13:49:43","date_gmt":"2024-06-29T11:49:43","guid":{"rendered":"https:\/\/gazettedestricoteuses.fr\/?page_id=60"},"modified":"2025-12-21T19:40:47","modified_gmt":"2025-12-21T18:40:47","slug":"blog","status":"publish","type":"page","link":"https:\/\/gazettedestricoteuses.fr\/index.php\/blog\/","title":{"rendered":"Saint Malo"},"content":{"rendered":"\n<h2 class=\"wp-block-heading has-text-align-center has-larger-font-size\">Festival \u00a0\u00bb Du sable sur les planches \u00ab\u00a0<\/h2>\n\n\n\n<figure class=\"wp-block-image size-large\"><img data-recalc-dims=\"1\" height=\"435\" width=\"580\" decoding=\"async\" src=\"https:\/\/i0.wp.com\/gazettedestricoteuses.fr\/wp-content\/uploads\/2024\/07\/IMG_20230721_134737-1024x768.jpg?resize=580%2C435&#038;ssl=1\" alt=\"\" class=\"wp-image-231\"\/><figcaption class=\"wp-element-caption\">Festival de Th\u00e9\u00e2tre<\/figcaption><\/figure>\n\n\n\n<p class=\"has-text-align-center has-primary-color has-text-color has-background has-link-color has-large-font-size wp-elements-b33e41958ffde6fc77dec7510600e211\" style=\"background-color:#f96015\"><strong>Le Festival de th\u00e9\u00e2tre \u00ab\u00a0Du sable sur les planches\u00a0\u00bb a programm\u00e9 la Gazette des Tricoteuses<\/strong><\/p>\n\n\n\n<p class=\"has-text-align-left has-large-font-size\">Germaine et L\u00e9ontine ont jou\u00e9  \u00e0 <strong>guichet ferm\u00e9<\/strong> leur spectacle \u00ab\u00a0<strong>Et c&rsquo;est rien de le dire<\/strong> \u00a0\u00bb au Bar \u00e0 vin                    \u00a0\u00bb <strong>La mer \u00e0 boire<\/strong>\u00a0\u00bb \u00e0 Saint Malo le 21 Juillet 2023<\/p>\n\n\n\n<p>Nous remercions <strong>le<\/strong> <strong>festival \u00ab\u00a0Du sable sur les planches\u00a0\u00bb<\/strong> pour l&rsquo;accueil et l&rsquo;organisation, <strong>le bar \u00e0 vin \u00ab\u00a0La mer \u00e0 boire\u00a0\u00bb<\/strong> pour son hospitalit\u00e9 et la mise \u00e0 disposition de sa charmante salle et<strong> le<\/strong> <strong>public chaleureux<\/strong> qui a contribu\u00e9 \u00e0 faire de cet instant une <strong>rencontre inoubliable<\/strong>.<\/p>\n\n\n\n<figure class=\"wp-block-gallery has-nested-images columns-default is-cropped wp-block-gallery-1 is-layout-flex wp-block-gallery-is-layout-flex\">\n<figure class=\"wp-block-image size-large\"><img data-recalc-dims=\"1\" loading=\"lazy\" decoding=\"async\" width=\"580\" height=\"435\" data-id=\"240\" src=\"https:\/\/i0.wp.com\/gazettedestricoteuses.fr\/wp-content\/uploads\/2024\/07\/IMG_20230721_103356.jpg?resize=580%2C435&#038;ssl=1\" alt=\"\" class=\"wp-image-240\" srcset=\"https:\/\/i0.wp.com\/gazettedestricoteuses.fr\/wp-content\/uploads\/2024\/07\/IMG_20230721_103356-scaled.jpg?resize=1024%2C768&amp;ssl=1 1024w, https:\/\/i0.wp.com\/gazettedestricoteuses.fr\/wp-content\/uploads\/2024\/07\/IMG_20230721_103356-scaled.jpg?resize=300%2C225&amp;ssl=1 300w, https:\/\/i0.wp.com\/gazettedestricoteuses.fr\/wp-content\/uploads\/2024\/07\/IMG_20230721_103356-scaled.jpg?resize=768%2C576&amp;ssl=1 768w, https:\/\/i0.wp.com\/gazettedestricoteuses.fr\/wp-content\/uploads\/2024\/07\/IMG_20230721_103356-scaled.jpg?resize=1536%2C1152&amp;ssl=1 1536w, https:\/\/i0.wp.com\/gazettedestricoteuses.fr\/wp-content\/uploads\/2024\/07\/IMG_20230721_103356-scaled.jpg?resize=2048%2C1536&amp;ssl=1 2048w, https:\/\/i0.wp.com\/gazettedestricoteuses.fr\/wp-content\/uploads\/2024\/07\/IMG_20230721_103356-scaled.jpg?resize=1200%2C900&amp;ssl=1 1200w, https:\/\/i0.wp.com\/gazettedestricoteuses.fr\/wp-content\/uploads\/2024\/07\/IMG_20230721_103356-scaled.jpg?resize=1980%2C1485&amp;ssl=1 1980w, https:\/\/i0.wp.com\/gazettedestricoteuses.fr\/wp-content\/uploads\/2024\/07\/IMG_20230721_103356-scaled.jpg?w=1740&amp;ssl=1 1740w\" sizes=\"auto, (max-width: 580px) 100vw, 580px\" \/><\/figure>\n\n\n\n<figure class=\"wp-block-image size-large\"><img data-recalc-dims=\"1\" loading=\"lazy\" decoding=\"async\" width=\"580\" height=\"435\" data-id=\"241\" src=\"https:\/\/i0.wp.com\/gazettedestricoteuses.fr\/wp-content\/uploads\/2024\/07\/IMG_20230721_103329-1.jpg?resize=580%2C435&#038;ssl=1\" alt=\"\" class=\"wp-image-241\" srcset=\"https:\/\/i0.wp.com\/gazettedestricoteuses.fr\/wp-content\/uploads\/2024\/07\/IMG_20230721_103329-1-scaled.jpg?resize=1024%2C768&amp;ssl=1 1024w, https:\/\/i0.wp.com\/gazettedestricoteuses.fr\/wp-content\/uploads\/2024\/07\/IMG_20230721_103329-1-scaled.jpg?resize=300%2C225&amp;ssl=1 300w, https:\/\/i0.wp.com\/gazettedestricoteuses.fr\/wp-content\/uploads\/2024\/07\/IMG_20230721_103329-1-scaled.jpg?resize=768%2C576&amp;ssl=1 768w, https:\/\/i0.wp.com\/gazettedestricoteuses.fr\/wp-content\/uploads\/2024\/07\/IMG_20230721_103329-1-scaled.jpg?resize=1536%2C1152&amp;ssl=1 1536w, https:\/\/i0.wp.com\/gazettedestricoteuses.fr\/wp-content\/uploads\/2024\/07\/IMG_20230721_103329-1-scaled.jpg?resize=2048%2C1536&amp;ssl=1 2048w, https:\/\/i0.wp.com\/gazettedestricoteuses.fr\/wp-content\/uploads\/2024\/07\/IMG_20230721_103329-1-scaled.jpg?resize=1200%2C900&amp;ssl=1 1200w, https:\/\/i0.wp.com\/gazettedestricoteuses.fr\/wp-content\/uploads\/2024\/07\/IMG_20230721_103329-1-scaled.jpg?resize=1980%2C1485&amp;ssl=1 1980w, https:\/\/i0.wp.com\/gazettedestricoteuses.fr\/wp-content\/uploads\/2024\/07\/IMG_20230721_103329-1-scaled.jpg?w=1740&amp;ssl=1 1740w\" sizes=\"auto, (max-width: 580px) 100vw, 580px\" \/><\/figure>\n<\/figure>\n","protected":false},"excerpt":{"rendered":"<p>Festival \u00a0\u00bb Du sable sur les planches \u00ab\u00a0 Le Festival de th\u00e9\u00e2tre \u00ab\u00a0Du sable sur les planches\u00a0\u00bb a programm\u00e9 la Gazette des Tricoteuses Germaine et L\u00e9ontine ont jou\u00e9 \u00e0 guichet ferm\u00e9 leur spectacle \u00ab\u00a0Et c&rsquo;est rien de le dire \u00a0\u00bb au Bar \u00e0 vin \u00a0\u00bb La mer \u00e0 boire\u00a0\u00bb \u00e0 Saint Malo le 21 Juillet [&hellip;]<\/p>\n","protected":false},"author":1,"featured_media":0,"parent":0,"menu_order":0,"comment_status":"closed","ping_status":"closed","template":"","meta":{"footnotes":"[]"},"class_list":["post-60","page","type-page","status-publish","hentry"],"yoast_head":"<!-- This site is optimized with the Yoast SEO plugin v26.6 - https:\/\/yoast.com\/wordpress\/plugins\/seo\/ -->\n<title>Saint Malo - La Gazette des Tricoteuses<\/title>\n<meta name=\"robots\" content=\"index, follow, max-snippet:-1, max-image-preview:large, max-video-preview:-1\" \/>\n<link rel=\"canonical\" href=\"https:\/\/gazettedestricoteuses.fr\/index.php\/blog\/\" \/>\n<meta property=\"og:locale\" content=\"fr_FR\" \/>\n<meta property=\"og:type\" content=\"article\" \/>\n<meta property=\"og:title\" content=\"Saint Malo - La Gazette des Tricoteuses\" \/>\n<meta property=\"og:description\" content=\"Festival \u00a0\u00bb Du sable sur les planches \u00ab\u00a0 Le Festival de th\u00e9\u00e2tre \u00ab\u00a0Du sable sur les planches\u00a0\u00bb a programm\u00e9 la Gazette des Tricoteuses Germaine et L\u00e9ontine ont jou\u00e9 \u00e0 guichet ferm\u00e9 leur spectacle \u00ab\u00a0Et c&rsquo;est rien de le dire \u00a0\u00bb au Bar \u00e0 vin \u00a0\u00bb La mer \u00e0 boire\u00a0\u00bb \u00e0 Saint Malo le 21 Juillet [&hellip;]\" \/>\n<meta property=\"og:url\" content=\"https:\/\/gazettedestricoteuses.fr\/index.php\/blog\/\" \/>\n<meta property=\"og:site_name\" content=\"La Gazette des Tricoteuses\" \/>\n<meta property=\"article:modified_time\" content=\"2025-12-21T18:40:47+00:00\" \/>\n<meta property=\"og:image\" content=\"https:\/\/gazettedestricoteuses.fr\/wp-content\/uploads\/2024\/07\/IMG_20230721_134737-1024x768.jpg\" \/>\n<meta name=\"twitter:card\" content=\"summary_large_image\" \/>\n<meta name=\"twitter:label1\" content=\"Dur\u00e9e de lecture estim\u00e9e\" \/>\n\t<meta name=\"twitter:data1\" content=\"2 minutes\" \/>\n<script type=\"application\/ld+json\" class=\"yoast-schema-graph\">{\"@context\":\"https:\/\/schema.org\",\"@graph\":[{\"@type\":\"WebPage\",\"@id\":\"https:\/\/gazettedestricoteuses.fr\/index.php\/blog\/\",\"url\":\"https:\/\/gazettedestricoteuses.fr\/index.php\/blog\/\",\"name\":\"Saint Malo - La Gazette des Tricoteuses\",\"isPartOf\":{\"@id\":\"https:\/\/gazettedestricoteuses.fr\/#website\"},\"primaryImageOfPage\":{\"@id\":\"https:\/\/gazettedestricoteuses.fr\/index.php\/blog\/#primaryimage\"},\"image\":{\"@id\":\"https:\/\/gazettedestricoteuses.fr\/index.php\/blog\/#primaryimage\"},\"thumbnailUrl\":\"https:\/\/gazettedestricoteuses.fr\/wp-content\/uploads\/2024\/07\/IMG_20230721_134737-1024x768.jpg\",\"datePublished\":\"2024-06-29T11:49:43+00:00\",\"dateModified\":\"2025-12-21T18:40:47+00:00\",\"breadcrumb\":{\"@id\":\"https:\/\/gazettedestricoteuses.fr\/index.php\/blog\/#breadcrumb\"},\"inLanguage\":\"fr-FR\",\"potentialAction\":[{\"@type\":\"ReadAction\",\"target\":[\"https:\/\/gazettedestricoteuses.fr\/index.php\/blog\/\"]}]},{\"@type\":\"ImageObject\",\"inLanguage\":\"fr-FR\",\"@id\":\"https:\/\/gazettedestricoteuses.fr\/index.php\/blog\/#primaryimage\",\"url\":\"https:\/\/gazettedestricoteuses.fr\/wp-content\/uploads\/2024\/07\/IMG_20230721_134737-1024x768.jpg\",\"contentUrl\":\"https:\/\/gazettedestricoteuses.fr\/wp-content\/uploads\/2024\/07\/IMG_20230721_134737-1024x768.jpg\"},{\"@type\":\"BreadcrumbList\",\"@id\":\"https:\/\/gazettedestricoteuses.fr\/index.php\/blog\/#breadcrumb\",\"itemListElement\":[{\"@type\":\"ListItem\",\"position\":1,\"name\":\"Accueil\",\"item\":\"https:\/\/gazettedestricoteuses.fr\/\"},{\"@type\":\"ListItem\",\"position\":2,\"name\":\"Saint Malo\"}]},{\"@type\":\"WebSite\",\"@id\":\"https:\/\/gazettedestricoteuses.fr\/#website\",\"url\":\"https:\/\/gazettedestricoteuses.fr\/\",\"name\":\"La Gazette des Tricoteuses\",\"description\":\"Une heure de rire\",\"publisher\":{\"@id\":\"https:\/\/gazettedestricoteuses.fr\/#\/schema\/person\/6ded49873964534df6216cd9bc3d8f9c\"},\"potentialAction\":[{\"@type\":\"SearchAction\",\"target\":{\"@type\":\"EntryPoint\",\"urlTemplate\":\"https:\/\/gazettedestricoteuses.fr\/?s={search_term_string}\"},\"query-input\":{\"@type\":\"PropertyValueSpecification\",\"valueRequired\":true,\"valueName\":\"search_term_string\"}}],\"inLanguage\":\"fr-FR\"},{\"@type\":[\"Person\",\"Organization\"],\"@id\":\"https:\/\/gazettedestricoteuses.fr\/#\/schema\/person\/6ded49873964534df6216cd9bc3d8f9c\",\"name\":\"Germaine et L\u00e9ontine\",\"image\":{\"@type\":\"ImageObject\",\"inLanguage\":\"fr-FR\",\"@id\":\"https:\/\/gazettedestricoteuses.fr\/#\/schema\/person\/image\/\",\"url\":\"https:\/\/secure.gravatar.com\/avatar\/e3f5f15c95fc5983ccd2e887cf6f77fe600b9912eed886cb4f520d0ec26562c3?s=96&d=mm&r=g\",\"contentUrl\":\"https:\/\/secure.gravatar.com\/avatar\/e3f5f15c95fc5983ccd2e887cf6f77fe600b9912eed886cb4f520d0ec26562c3?s=96&d=mm&r=g\",\"caption\":\"Germaine et L\u00e9ontine\"},\"logo\":{\"@id\":\"https:\/\/gazettedestricoteuses.fr\/#\/schema\/person\/image\/\"},\"sameAs\":[\"http:\/\/gazettedestricoteuses.fr\"]}]}<\/script>\n<!-- \/ Yoast SEO plugin. -->","yoast_head_json":{"title":"Saint Malo - La Gazette des Tricoteuses","robots":{"index":"index","follow":"follow","max-snippet":"max-snippet:-1","max-image-preview":"max-image-preview:large","max-video-preview":"max-video-preview:-1"},"canonical":"https:\/\/gazettedestricoteuses.fr\/index.php\/blog\/","og_locale":"fr_FR","og_type":"article","og_title":"Saint Malo - La Gazette des Tricoteuses","og_description":"Festival \u00a0\u00bb Du sable sur les planches \u00ab\u00a0 Le Festival de th\u00e9\u00e2tre \u00ab\u00a0Du sable sur les planches\u00a0\u00bb a programm\u00e9 la Gazette des Tricoteuses Germaine et L\u00e9ontine ont jou\u00e9 \u00e0 guichet ferm\u00e9 leur spectacle \u00ab\u00a0Et c&rsquo;est rien de le dire \u00a0\u00bb au Bar \u00e0 vin \u00a0\u00bb La mer \u00e0 boire\u00a0\u00bb \u00e0 Saint Malo le 21 Juillet [&hellip;]","og_url":"https:\/\/gazettedestricoteuses.fr\/index.php\/blog\/","og_site_name":"La Gazette des Tricoteuses","article_modified_time":"2025-12-21T18:40:47+00:00","og_image":[{"url":"https:\/\/gazettedestricoteuses.fr\/wp-content\/uploads\/2024\/07\/IMG_20230721_134737-1024x768.jpg","type":"","width":"","height":""}],"twitter_card":"summary_large_image","twitter_misc":{"Dur\u00e9e de lecture estim\u00e9e":"2 minutes"},"schema":{"@context":"https:\/\/schema.org","@graph":[{"@type":"WebPage","@id":"https:\/\/gazettedestricoteuses.fr\/index.php\/blog\/","url":"https:\/\/gazettedestricoteuses.fr\/index.php\/blog\/","name":"Saint Malo - La Gazette des Tricoteuses","isPartOf":{"@id":"https:\/\/gazettedestricoteuses.fr\/#website"},"primaryImageOfPage":{"@id":"https:\/\/gazettedestricoteuses.fr\/index.php\/blog\/#primaryimage"},"image":{"@id":"https:\/\/gazettedestricoteuses.fr\/index.php\/blog\/#primaryimage"},"thumbnailUrl":"https:\/\/gazettedestricoteuses.fr\/wp-content\/uploads\/2024\/07\/IMG_20230721_134737-1024x768.jpg","datePublished":"2024-06-29T11:49:43+00:00","dateModified":"2025-12-21T18:40:47+00:00","breadcrumb":{"@id":"https:\/\/gazettedestricoteuses.fr\/index.php\/blog\/#breadcrumb"},"inLanguage":"fr-FR","potentialAction":[{"@type":"ReadAction","target":["https:\/\/gazettedestricoteuses.fr\/index.php\/blog\/"]}]},{"@type":"ImageObject","inLanguage":"fr-FR","@id":"https:\/\/gazettedestricoteuses.fr\/index.php\/blog\/#primaryimage","url":"https:\/\/gazettedestricoteuses.fr\/wp-content\/uploads\/2024\/07\/IMG_20230721_134737-1024x768.jpg","contentUrl":"https:\/\/gazettedestricoteuses.fr\/wp-content\/uploads\/2024\/07\/IMG_20230721_134737-1024x768.jpg"},{"@type":"BreadcrumbList","@id":"https:\/\/gazettedestricoteuses.fr\/index.php\/blog\/#breadcrumb","itemListElement":[{"@type":"ListItem","position":1,"name":"Accueil","item":"https:\/\/gazettedestricoteuses.fr\/"},{"@type":"ListItem","position":2,"name":"Saint Malo"}]},{"@type":"WebSite","@id":"https:\/\/gazettedestricoteuses.fr\/#website","url":"https:\/\/gazettedestricoteuses.fr\/","name":"La Gazette des Tricoteuses","description":"Une heure de rire","publisher":{"@id":"https:\/\/gazettedestricoteuses.fr\/#\/schema\/person\/6ded49873964534df6216cd9bc3d8f9c"},"potentialAction":[{"@type":"SearchAction","target":{"@type":"EntryPoint","urlTemplate":"https:\/\/gazettedestricoteuses.fr\/?s={search_term_string}"},"query-input":{"@type":"PropertyValueSpecification","valueRequired":true,"valueName":"search_term_string"}}],"inLanguage":"fr-FR"},{"@type":["Person","Organization"],"@id":"https:\/\/gazettedestricoteuses.fr\/#\/schema\/person\/6ded49873964534df6216cd9bc3d8f9c","name":"Germaine et L\u00e9ontine","image":{"@type":"ImageObject","inLanguage":"fr-FR","@id":"https:\/\/gazettedestricoteuses.fr\/#\/schema\/person\/image\/","url":"https:\/\/secure.gravatar.com\/avatar\/e3f5f15c95fc5983ccd2e887cf6f77fe600b9912eed886cb4f520d0ec26562c3?s=96&d=mm&r=g","contentUrl":"https:\/\/secure.gravatar.com\/avatar\/e3f5f15c95fc5983ccd2e887cf6f77fe600b9912eed886cb4f520d0ec26562c3?s=96&d=mm&r=g","caption":"Germaine et L\u00e9ontine"},"logo":{"@id":"https:\/\/gazettedestricoteuses.fr\/#\/schema\/person\/image\/"},"sameAs":["http:\/\/gazettedestricoteuses.fr"]}]}},"_links":{"self":[{"href":"https:\/\/gazettedestricoteuses.fr\/index.php\/wp-json\/wp\/v2\/pages\/60","targetHints":{"allow":["GET"]}}],"collection":[{"href":"https:\/\/gazettedestricoteuses.fr\/index.php\/wp-json\/wp\/v2\/pages"}],"about":[{"href":"https:\/\/gazettedestricoteuses.fr\/index.php\/wp-json\/wp\/v2\/types\/page"}],"author":[{"embeddable":true,"href":"https:\/\/gazettedestricoteuses.fr\/index.php\/wp-json\/wp\/v2\/users\/1"}],"replies":[{"embeddable":true,"href":"https:\/\/gazettedestricoteuses.fr\/index.php\/wp-json\/wp\/v2\/comments?post=60"}],"version-history":[{"count":13,"href":"https:\/\/gazettedestricoteuses.fr\/index.php\/wp-json\/wp\/v2\/pages\/60\/revisions"}],"predecessor-version":[{"id":839,"href":"https:\/\/gazettedestricoteuses.fr\/index.php\/wp-json\/wp\/v2\/pages\/60\/revisions\/839"}],"wp:attachment":[{"href":"https:\/\/gazettedestricoteuses.fr\/index.php\/wp-json\/wp\/v2\/media?parent=60"}],"curies":[{"name":"wp","href":"https:\/\/api.w.org\/{rel}","templated":true}]}}