{"id":593,"date":"2025-04-11T18:42:07","date_gmt":"2025-04-11T16:42:07","guid":{"rendered":"https:\/\/gazettedestricoteuses.fr\/?page_id=593"},"modified":"2025-12-21T18:25:34","modified_gmt":"2025-12-21T17:25:34","slug":"vic-le-comte","status":"publish","type":"page","link":"https:\/\/gazettedestricoteuses.fr\/index.php\/vic-le-comte\/","title":{"rendered":"Vic le Comte"},"content":{"rendered":"\n<div class=\"wp-block-media-text is-stacked-on-mobile\" style=\"grid-template-columns:27% auto\"><figure class=\"wp-block-media-text__media\"><video controls src=\"https:\/\/gazettedestricoteuses.fr\/wp-content\/uploads\/2025\/12\/2025-03-22-154610420-2.mp4\"><\/video><\/figure><div class=\"wp-block-media-text__content\">\n<p>Avant que le rideau ne se l\u00e8ve et que la magie op\u00e8re, voil\u00e0 un aper\u00e7u des coulisses\u2026<\/p>\n<\/div><\/div>\n\n\n\n<div class=\"wp-block-media-text is-stacked-on-mobile\" style=\"grid-template-columns:31% auto\"><figure class=\"wp-block-media-text__media\"><video controls src=\"https:\/\/gazettedestricoteuses.fr\/wp-content\/uploads\/2025\/12\/2025-03-22-184725387-1.mp4\"><\/video><\/figure><div class=\"wp-block-media-text__content\">\n<p><strong>Et voil\u00e0, le rideau est tomb\u00e9 <\/strong>!<\/p>\n\n\n\n<p>\u00catre tr\u00e8s forte \u00e7a demande un peu de folie et un duo qui sait transformer les impr\u00e9vus en l\u00e9gendes. <\/p>\n\n\n\n<p>Bravo \u00e0 nous\u2026 et merci \u00e0 vous notre merveilleux public de Vic le comte.<\/p>\n\n\n\n<p>Vos applaudissements, et m\u00eame vos rires, ont fait de cette soir\u00e9e un v\u00e9ritable triomphe.<\/p>\n<\/div><\/div>\n","protected":false},"excerpt":{"rendered":"<p>Avant que le rideau ne se l\u00e8ve et que la magie op\u00e8re, voil\u00e0 un aper\u00e7u des coulisses\u2026 Et voil\u00e0, le rideau est tomb\u00e9 ! \u00catre tr\u00e8s forte \u00e7a demande un peu de folie et un duo qui sait transformer les impr\u00e9vus en l\u00e9gendes. Bravo \u00e0 nous\u2026 et merci \u00e0 vous notre merveilleux public de Vic [&hellip;]<\/p>\n","protected":false},"author":1,"featured_media":0,"parent":0,"menu_order":0,"comment_status":"closed","ping_status":"closed","template":"","meta":{"footnotes":""},"class_list":["post-593","page","type-page","status-publish","hentry"],"yoast_head":"<!-- This site is optimized with the Yoast SEO plugin v26.6 - https:\/\/yoast.com\/wordpress\/plugins\/seo\/ -->\n<title>Vic le Comte - La Gazette des Tricoteuses<\/title>\n<meta name=\"robots\" content=\"index, follow, max-snippet:-1, max-image-preview:large, max-video-preview:-1\" \/>\n<link rel=\"canonical\" href=\"https:\/\/gazettedestricoteuses.fr\/index.php\/vic-le-comte\/\" \/>\n<meta property=\"og:locale\" content=\"fr_FR\" \/>\n<meta property=\"og:type\" content=\"article\" \/>\n<meta property=\"og:title\" content=\"Vic le Comte - La Gazette des Tricoteuses\" \/>\n<meta property=\"og:description\" content=\"Avant que le rideau ne se l\u00e8ve et que la magie op\u00e8re, voil\u00e0 un aper\u00e7u des coulisses\u2026 Et voil\u00e0, le rideau est tomb\u00e9 ! \u00catre tr\u00e8s forte \u00e7a demande un peu de folie et un duo qui sait transformer les impr\u00e9vus en l\u00e9gendes. Bravo \u00e0 nous\u2026 et merci \u00e0 vous notre merveilleux public de Vic [&hellip;]\" \/>\n<meta property=\"og:url\" content=\"https:\/\/gazettedestricoteuses.fr\/index.php\/vic-le-comte\/\" \/>\n<meta property=\"og:site_name\" content=\"La Gazette des Tricoteuses\" \/>\n<meta property=\"article:modified_time\" content=\"2025-12-21T17:25:34+00:00\" \/>\n<meta name=\"twitter:card\" content=\"summary_large_image\" \/>\n<meta name=\"twitter:label1\" content=\"Dur\u00e9e de lecture estim\u00e9e\" \/>\n\t<meta name=\"twitter:data1\" content=\"1 minute\" \/>\n<script type=\"application\/ld+json\" class=\"yoast-schema-graph\">{\"@context\":\"https:\/\/schema.org\",\"@graph\":[{\"@type\":\"WebPage\",\"@id\":\"https:\/\/gazettedestricoteuses.fr\/index.php\/vic-le-comte\/\",\"url\":\"https:\/\/gazettedestricoteuses.fr\/index.php\/vic-le-comte\/\",\"name\":\"Vic le Comte - La Gazette des Tricoteuses\",\"isPartOf\":{\"@id\":\"https:\/\/gazettedestricoteuses.fr\/#website\"},\"datePublished\":\"2025-04-11T16:42:07+00:00\",\"dateModified\":\"2025-12-21T17:25:34+00:00\",\"breadcrumb\":{\"@id\":\"https:\/\/gazettedestricoteuses.fr\/index.php\/vic-le-comte\/#breadcrumb\"},\"inLanguage\":\"fr-FR\",\"potentialAction\":[{\"@type\":\"ReadAction\",\"target\":[\"https:\/\/gazettedestricoteuses.fr\/index.php\/vic-le-comte\/\"]}]},{\"@type\":\"BreadcrumbList\",\"@id\":\"https:\/\/gazettedestricoteuses.fr\/index.php\/vic-le-comte\/#breadcrumb\",\"itemListElement\":[{\"@type\":\"ListItem\",\"position\":1,\"name\":\"Accueil\",\"item\":\"https:\/\/gazettedestricoteuses.fr\/\"},{\"@type\":\"ListItem\",\"position\":2,\"name\":\"Vic le Comte\"}]},{\"@type\":\"WebSite\",\"@id\":\"https:\/\/gazettedestricoteuses.fr\/#website\",\"url\":\"https:\/\/gazettedestricoteuses.fr\/\",\"name\":\"La Gazette des Tricoteuses\",\"description\":\"Une heure de rire\",\"publisher\":{\"@id\":\"https:\/\/gazettedestricoteuses.fr\/#\/schema\/person\/6ded49873964534df6216cd9bc3d8f9c\"},\"potentialAction\":[{\"@type\":\"SearchAction\",\"target\":{\"@type\":\"EntryPoint\",\"urlTemplate\":\"https:\/\/gazettedestricoteuses.fr\/?s={search_term_string}\"},\"query-input\":{\"@type\":\"PropertyValueSpecification\",\"valueRequired\":true,\"valueName\":\"search_term_string\"}}],\"inLanguage\":\"fr-FR\"},{\"@type\":[\"Person\",\"Organization\"],\"@id\":\"https:\/\/gazettedestricoteuses.fr\/#\/schema\/person\/6ded49873964534df6216cd9bc3d8f9c\",\"name\":\"Germaine et L\u00e9ontine\",\"image\":{\"@type\":\"ImageObject\",\"inLanguage\":\"fr-FR\",\"@id\":\"https:\/\/gazettedestricoteuses.fr\/#\/schema\/person\/image\/\",\"url\":\"https:\/\/secure.gravatar.com\/avatar\/e3f5f15c95fc5983ccd2e887cf6f77fe600b9912eed886cb4f520d0ec26562c3?s=96&d=mm&r=g\",\"contentUrl\":\"https:\/\/secure.gravatar.com\/avatar\/e3f5f15c95fc5983ccd2e887cf6f77fe600b9912eed886cb4f520d0ec26562c3?s=96&d=mm&r=g\",\"caption\":\"Germaine et L\u00e9ontine\"},\"logo\":{\"@id\":\"https:\/\/gazettedestricoteuses.fr\/#\/schema\/person\/image\/\"},\"sameAs\":[\"http:\/\/gazettedestricoteuses.fr\"]}]}<\/script>\n<!-- \/ Yoast SEO plugin. -->","yoast_head_json":{"title":"Vic le Comte - La Gazette des Tricoteuses","robots":{"index":"index","follow":"follow","max-snippet":"max-snippet:-1","max-image-preview":"max-image-preview:large","max-video-preview":"max-video-preview:-1"},"canonical":"https:\/\/gazettedestricoteuses.fr\/index.php\/vic-le-comte\/","og_locale":"fr_FR","og_type":"article","og_title":"Vic le Comte - La Gazette des Tricoteuses","og_description":"Avant que le rideau ne se l\u00e8ve et que la magie op\u00e8re, voil\u00e0 un aper\u00e7u des coulisses\u2026 Et voil\u00e0, le rideau est tomb\u00e9 ! \u00catre tr\u00e8s forte \u00e7a demande un peu de folie et un duo qui sait transformer les impr\u00e9vus en l\u00e9gendes. Bravo \u00e0 nous\u2026 et merci \u00e0 vous notre merveilleux public de Vic [&hellip;]","og_url":"https:\/\/gazettedestricoteuses.fr\/index.php\/vic-le-comte\/","og_site_name":"La Gazette des Tricoteuses","article_modified_time":"2025-12-21T17:25:34+00:00","twitter_card":"summary_large_image","twitter_misc":{"Dur\u00e9e de lecture estim\u00e9e":"1 minute"},"schema":{"@context":"https:\/\/schema.org","@graph":[{"@type":"WebPage","@id":"https:\/\/gazettedestricoteuses.fr\/index.php\/vic-le-comte\/","url":"https:\/\/gazettedestricoteuses.fr\/index.php\/vic-le-comte\/","name":"Vic le Comte - La Gazette des Tricoteuses","isPartOf":{"@id":"https:\/\/gazettedestricoteuses.fr\/#website"},"datePublished":"2025-04-11T16:42:07+00:00","dateModified":"2025-12-21T17:25:34+00:00","breadcrumb":{"@id":"https:\/\/gazettedestricoteuses.fr\/index.php\/vic-le-comte\/#breadcrumb"},"inLanguage":"fr-FR","potentialAction":[{"@type":"ReadAction","target":["https:\/\/gazettedestricoteuses.fr\/index.php\/vic-le-comte\/"]}]},{"@type":"BreadcrumbList","@id":"https:\/\/gazettedestricoteuses.fr\/index.php\/vic-le-comte\/#breadcrumb","itemListElement":[{"@type":"ListItem","position":1,"name":"Accueil","item":"https:\/\/gazettedestricoteuses.fr\/"},{"@type":"ListItem","position":2,"name":"Vic le Comte"}]},{"@type":"WebSite","@id":"https:\/\/gazettedestricoteuses.fr\/#website","url":"https:\/\/gazettedestricoteuses.fr\/","name":"La Gazette des Tricoteuses","description":"Une heure de rire","publisher":{"@id":"https:\/\/gazettedestricoteuses.fr\/#\/schema\/person\/6ded49873964534df6216cd9bc3d8f9c"},"potentialAction":[{"@type":"SearchAction","target":{"@type":"EntryPoint","urlTemplate":"https:\/\/gazettedestricoteuses.fr\/?s={search_term_string}"},"query-input":{"@type":"PropertyValueSpecification","valueRequired":true,"valueName":"search_term_string"}}],"inLanguage":"fr-FR"},{"@type":["Person","Organization"],"@id":"https:\/\/gazettedestricoteuses.fr\/#\/schema\/person\/6ded49873964534df6216cd9bc3d8f9c","name":"Germaine et L\u00e9ontine","image":{"@type":"ImageObject","inLanguage":"fr-FR","@id":"https:\/\/gazettedestricoteuses.fr\/#\/schema\/person\/image\/","url":"https:\/\/secure.gravatar.com\/avatar\/e3f5f15c95fc5983ccd2e887cf6f77fe600b9912eed886cb4f520d0ec26562c3?s=96&d=mm&r=g","contentUrl":"https:\/\/secure.gravatar.com\/avatar\/e3f5f15c95fc5983ccd2e887cf6f77fe600b9912eed886cb4f520d0ec26562c3?s=96&d=mm&r=g","caption":"Germaine et L\u00e9ontine"},"logo":{"@id":"https:\/\/gazettedestricoteuses.fr\/#\/schema\/person\/image\/"},"sameAs":["http:\/\/gazettedestricoteuses.fr"]}]}},"_links":{"self":[{"href":"https:\/\/gazettedestricoteuses.fr\/index.php\/wp-json\/wp\/v2\/pages\/593","targetHints":{"allow":["GET"]}}],"collection":[{"href":"https:\/\/gazettedestricoteuses.fr\/index.php\/wp-json\/wp\/v2\/pages"}],"about":[{"href":"https:\/\/gazettedestricoteuses.fr\/index.php\/wp-json\/wp\/v2\/types\/page"}],"author":[{"embeddable":true,"href":"https:\/\/gazettedestricoteuses.fr\/index.php\/wp-json\/wp\/v2\/users\/1"}],"replies":[{"embeddable":true,"href":"https:\/\/gazettedestricoteuses.fr\/index.php\/wp-json\/wp\/v2\/comments?post=593"}],"version-history":[{"count":11,"href":"https:\/\/gazettedestricoteuses.fr\/index.php\/wp-json\/wp\/v2\/pages\/593\/revisions"}],"predecessor-version":[{"id":825,"href":"https:\/\/gazettedestricoteuses.fr\/index.php\/wp-json\/wp\/v2\/pages\/593\/revisions\/825"}],"wp:attachment":[{"href":"https:\/\/gazettedestricoteuses.fr\/index.php\/wp-json\/wp\/v2\/media?parent=593"}],"curies":[{"name":"wp","href":"https:\/\/api.w.org\/{rel}","templated":true}]}}