{"id":57,"date":"2024-06-29T09:37:44","date_gmt":"2024-06-29T07:37:44","guid":{"rendered":"https:\/\/gazettedestricoteuses.fr\/?page_id=57"},"modified":"2025-12-21T19:40:25","modified_gmt":"2025-12-21T18:40:25","slug":"la-gazette-des-tricoteuses","status":"publish","type":"page","link":"https:\/\/gazettedestricoteuses.fr\/index.php\/la-gazette-des-tricoteuses\/","title":{"rendered":"Pacy sur Eure"},"content":{"rendered":"\n<h2 class=\"wp-block-heading has-text-align-center has-background has-normal-font-size\" style=\"background-color:#f96015\">Festival \u00ab\u00a0Tous en sc\u00e8ne\u00a0\u00bb<\/h2>\n\n\n<div class=\"wp-block-image\">\n<figure class=\"aligncenter size-large is-resized\"><img data-recalc-dims=\"1\" loading=\"lazy\" decoding=\"async\" width=\"580\" height=\"820\" src=\"https:\/\/i0.wp.com\/gazettedestricoteuses.fr\/wp-content\/uploads\/2024\/07\/affiche-pacy.jpg?resize=580%2C820&#038;ssl=1\" alt=\"\" class=\"wp-image-275\" style=\"width:654px;height:auto\" srcset=\"https:\/\/i0.wp.com\/gazettedestricoteuses.fr\/wp-content\/uploads\/2024\/07\/affiche-pacy.jpg?resize=724%2C1024&amp;ssl=1 724w, https:\/\/i0.wp.com\/gazettedestricoteuses.fr\/wp-content\/uploads\/2024\/07\/affiche-pacy.jpg?resize=212%2C300&amp;ssl=1 212w, https:\/\/i0.wp.com\/gazettedestricoteuses.fr\/wp-content\/uploads\/2024\/07\/affiche-pacy.jpg?resize=768%2C1086&amp;ssl=1 768w, https:\/\/i0.wp.com\/gazettedestricoteuses.fr\/wp-content\/uploads\/2024\/07\/affiche-pacy.jpg?w=1080&amp;ssl=1 1080w\" sizes=\"auto, (max-width: 580px) 100vw, 580px\" \/><\/figure>\n<\/div>\n\n\n<figure class=\"wp-block-embed is-type-video is-provider-youtube wp-block-embed-youtube wp-embed-aspect-16-9 wp-has-aspect-ratio\"><div class=\"wp-block-embed__wrapper\">\n<iframe loading=\"lazy\" title=\"LA GAZETTE DES TRICOTEUSES PACY\/EURE samedi 06 avril 2024\" width=\"580\" height=\"326\" src=\"https:\/\/www.youtube.com\/embed\/m2QyuWqp7vs?feature=oembed\" frameborder=\"0\" allow=\"accelerometer; autoplay; clipboard-write; encrypted-media; gyroscope; picture-in-picture; web-share\" referrerpolicy=\"strict-origin-when-cross-origin\" allowfullscreen><\/iframe>\n<\/div><\/figure>\n\n\n\n<p class=\"has-small-font-size\">Nous remercions <strong>Florence Coulibaly <\/strong>et son \u00e9quipe de <strong>b\u00e9n\u00e9voles<\/strong> pour l&rsquo;accueil, l&rsquo;organisation. Ce fut un adorable moment de partage <strong>th\u00e9\u00e2tral<\/strong>.<\/p>\n","protected":false},"excerpt":{"rendered":"<p>Festival \u00ab\u00a0Tous en sc\u00e8ne\u00a0\u00bb Nous remercions Florence Coulibaly et son \u00e9quipe de b\u00e9n\u00e9voles pour l&rsquo;accueil, l&rsquo;organisation. Ce fut un adorable moment de partage th\u00e9\u00e2tral.<\/p>\n","protected":false},"author":1,"featured_media":0,"parent":0,"menu_order":0,"comment_status":"closed","ping_status":"closed","template":"","meta":{"footnotes":""},"class_list":["post-57","page","type-page","status-publish","hentry"],"yoast_head":"<!-- This site is optimized with the Yoast SEO plugin v26.6 - https:\/\/yoast.com\/wordpress\/plugins\/seo\/ -->\n<title>Pacy sur Eure - La Gazette des Tricoteuses<\/title>\n<meta name=\"robots\" content=\"index, follow, max-snippet:-1, max-image-preview:large, max-video-preview:-1\" \/>\n<link rel=\"canonical\" href=\"https:\/\/gazettedestricoteuses.fr\/index.php\/la-gazette-des-tricoteuses\/\" \/>\n<meta property=\"og:locale\" content=\"fr_FR\" \/>\n<meta property=\"og:type\" content=\"article\" \/>\n<meta property=\"og:title\" content=\"Pacy sur Eure - La Gazette des Tricoteuses\" \/>\n<meta property=\"og:description\" content=\"Festival \u00ab\u00a0Tous en sc\u00e8ne\u00a0\u00bb Nous remercions Florence Coulibaly et son \u00e9quipe de b\u00e9n\u00e9voles pour l&rsquo;accueil, l&rsquo;organisation. Ce fut un adorable moment de partage th\u00e9\u00e2tral.\" \/>\n<meta property=\"og:url\" content=\"https:\/\/gazettedestricoteuses.fr\/index.php\/la-gazette-des-tricoteuses\/\" \/>\n<meta property=\"og:site_name\" content=\"La Gazette des Tricoteuses\" \/>\n<meta property=\"article:modified_time\" content=\"2025-12-21T18:40:25+00:00\" \/>\n<meta property=\"og:image\" content=\"https:\/\/gazettedestricoteuses.fr\/wp-content\/uploads\/2024\/07\/affiche-pacy-724x1024.jpg\" \/>\n<meta name=\"twitter:card\" content=\"summary_large_image\" \/>\n<meta name=\"twitter:label1\" content=\"Dur\u00e9e de lecture estim\u00e9e\" \/>\n\t<meta name=\"twitter:data1\" content=\"1 minute\" \/>\n<script type=\"application\/ld+json\" class=\"yoast-schema-graph\">{\"@context\":\"https:\/\/schema.org\",\"@graph\":[{\"@type\":\"WebPage\",\"@id\":\"https:\/\/gazettedestricoteuses.fr\/index.php\/la-gazette-des-tricoteuses\/\",\"url\":\"https:\/\/gazettedestricoteuses.fr\/index.php\/la-gazette-des-tricoteuses\/\",\"name\":\"Pacy sur Eure - La Gazette des Tricoteuses\",\"isPartOf\":{\"@id\":\"https:\/\/gazettedestricoteuses.fr\/#website\"},\"primaryImageOfPage\":{\"@id\":\"https:\/\/gazettedestricoteuses.fr\/index.php\/la-gazette-des-tricoteuses\/#primaryimage\"},\"image\":{\"@id\":\"https:\/\/gazettedestricoteuses.fr\/index.php\/la-gazette-des-tricoteuses\/#primaryimage\"},\"thumbnailUrl\":\"https:\/\/gazettedestricoteuses.fr\/wp-content\/uploads\/2024\/07\/affiche-pacy-724x1024.jpg\",\"datePublished\":\"2024-06-29T07:37:44+00:00\",\"dateModified\":\"2025-12-21T18:40:25+00:00\",\"breadcrumb\":{\"@id\":\"https:\/\/gazettedestricoteuses.fr\/index.php\/la-gazette-des-tricoteuses\/#breadcrumb\"},\"inLanguage\":\"fr-FR\",\"potentialAction\":[{\"@type\":\"ReadAction\",\"target\":[\"https:\/\/gazettedestricoteuses.fr\/index.php\/la-gazette-des-tricoteuses\/\"]}]},{\"@type\":\"ImageObject\",\"inLanguage\":\"fr-FR\",\"@id\":\"https:\/\/gazettedestricoteuses.fr\/index.php\/la-gazette-des-tricoteuses\/#primaryimage\",\"url\":\"https:\/\/i0.wp.com\/gazettedestricoteuses.fr\/wp-content\/uploads\/2024\/07\/affiche-pacy.jpg?fit=1080%2C1527&ssl=1\",\"contentUrl\":\"https:\/\/i0.wp.com\/gazettedestricoteuses.fr\/wp-content\/uploads\/2024\/07\/affiche-pacy.jpg?fit=1080%2C1527&ssl=1\",\"width\":1080,\"height\":1527},{\"@type\":\"BreadcrumbList\",\"@id\":\"https:\/\/gazettedestricoteuses.fr\/index.php\/la-gazette-des-tricoteuses\/#breadcrumb\",\"itemListElement\":[{\"@type\":\"ListItem\",\"position\":1,\"name\":\"Accueil\",\"item\":\"https:\/\/gazettedestricoteuses.fr\/\"},{\"@type\":\"ListItem\",\"position\":2,\"name\":\"Pacy sur Eure\"}]},{\"@type\":\"WebSite\",\"@id\":\"https:\/\/gazettedestricoteuses.fr\/#website\",\"url\":\"https:\/\/gazettedestricoteuses.fr\/\",\"name\":\"La Gazette des Tricoteuses\",\"description\":\"Une heure de rire\",\"publisher\":{\"@id\":\"https:\/\/gazettedestricoteuses.fr\/#\/schema\/person\/6ded49873964534df6216cd9bc3d8f9c\"},\"potentialAction\":[{\"@type\":\"SearchAction\",\"target\":{\"@type\":\"EntryPoint\",\"urlTemplate\":\"https:\/\/gazettedestricoteuses.fr\/?s={search_term_string}\"},\"query-input\":{\"@type\":\"PropertyValueSpecification\",\"valueRequired\":true,\"valueName\":\"search_term_string\"}}],\"inLanguage\":\"fr-FR\"},{\"@type\":[\"Person\",\"Organization\"],\"@id\":\"https:\/\/gazettedestricoteuses.fr\/#\/schema\/person\/6ded49873964534df6216cd9bc3d8f9c\",\"name\":\"Germaine et L\u00e9ontine\",\"image\":{\"@type\":\"ImageObject\",\"inLanguage\":\"fr-FR\",\"@id\":\"https:\/\/gazettedestricoteuses.fr\/#\/schema\/person\/image\/\",\"url\":\"https:\/\/secure.gravatar.com\/avatar\/e3f5f15c95fc5983ccd2e887cf6f77fe600b9912eed886cb4f520d0ec26562c3?s=96&d=mm&r=g\",\"contentUrl\":\"https:\/\/secure.gravatar.com\/avatar\/e3f5f15c95fc5983ccd2e887cf6f77fe600b9912eed886cb4f520d0ec26562c3?s=96&d=mm&r=g\",\"caption\":\"Germaine et L\u00e9ontine\"},\"logo\":{\"@id\":\"https:\/\/gazettedestricoteuses.fr\/#\/schema\/person\/image\/\"},\"sameAs\":[\"http:\/\/gazettedestricoteuses.fr\"]}]}<\/script>\n<!-- \/ Yoast SEO plugin. -->","yoast_head_json":{"title":"Pacy sur Eure - La Gazette des Tricoteuses","robots":{"index":"index","follow":"follow","max-snippet":"max-snippet:-1","max-image-preview":"max-image-preview:large","max-video-preview":"max-video-preview:-1"},"canonical":"https:\/\/gazettedestricoteuses.fr\/index.php\/la-gazette-des-tricoteuses\/","og_locale":"fr_FR","og_type":"article","og_title":"Pacy sur Eure - La Gazette des Tricoteuses","og_description":"Festival \u00ab\u00a0Tous en sc\u00e8ne\u00a0\u00bb Nous remercions Florence Coulibaly et son \u00e9quipe de b\u00e9n\u00e9voles pour l&rsquo;accueil, l&rsquo;organisation. Ce fut un adorable moment de partage th\u00e9\u00e2tral.","og_url":"https:\/\/gazettedestricoteuses.fr\/index.php\/la-gazette-des-tricoteuses\/","og_site_name":"La Gazette des Tricoteuses","article_modified_time":"2025-12-21T18:40:25+00:00","og_image":[{"url":"https:\/\/gazettedestricoteuses.fr\/wp-content\/uploads\/2024\/07\/affiche-pacy-724x1024.jpg","type":"","width":"","height":""}],"twitter_card":"summary_large_image","twitter_misc":{"Dur\u00e9e de lecture estim\u00e9e":"1 minute"},"schema":{"@context":"https:\/\/schema.org","@graph":[{"@type":"WebPage","@id":"https:\/\/gazettedestricoteuses.fr\/index.php\/la-gazette-des-tricoteuses\/","url":"https:\/\/gazettedestricoteuses.fr\/index.php\/la-gazette-des-tricoteuses\/","name":"Pacy sur Eure - La Gazette des Tricoteuses","isPartOf":{"@id":"https:\/\/gazettedestricoteuses.fr\/#website"},"primaryImageOfPage":{"@id":"https:\/\/gazettedestricoteuses.fr\/index.php\/la-gazette-des-tricoteuses\/#primaryimage"},"image":{"@id":"https:\/\/gazettedestricoteuses.fr\/index.php\/la-gazette-des-tricoteuses\/#primaryimage"},"thumbnailUrl":"https:\/\/gazettedestricoteuses.fr\/wp-content\/uploads\/2024\/07\/affiche-pacy-724x1024.jpg","datePublished":"2024-06-29T07:37:44+00:00","dateModified":"2025-12-21T18:40:25+00:00","breadcrumb":{"@id":"https:\/\/gazettedestricoteuses.fr\/index.php\/la-gazette-des-tricoteuses\/#breadcrumb"},"inLanguage":"fr-FR","potentialAction":[{"@type":"ReadAction","target":["https:\/\/gazettedestricoteuses.fr\/index.php\/la-gazette-des-tricoteuses\/"]}]},{"@type":"ImageObject","inLanguage":"fr-FR","@id":"https:\/\/gazettedestricoteuses.fr\/index.php\/la-gazette-des-tricoteuses\/#primaryimage","url":"https:\/\/i0.wp.com\/gazettedestricoteuses.fr\/wp-content\/uploads\/2024\/07\/affiche-pacy.jpg?fit=1080%2C1527&ssl=1","contentUrl":"https:\/\/i0.wp.com\/gazettedestricoteuses.fr\/wp-content\/uploads\/2024\/07\/affiche-pacy.jpg?fit=1080%2C1527&ssl=1","width":1080,"height":1527},{"@type":"BreadcrumbList","@id":"https:\/\/gazettedestricoteuses.fr\/index.php\/la-gazette-des-tricoteuses\/#breadcrumb","itemListElement":[{"@type":"ListItem","position":1,"name":"Accueil","item":"https:\/\/gazettedestricoteuses.fr\/"},{"@type":"ListItem","position":2,"name":"Pacy sur Eure"}]},{"@type":"WebSite","@id":"https:\/\/gazettedestricoteuses.fr\/#website","url":"https:\/\/gazettedestricoteuses.fr\/","name":"La Gazette des Tricoteuses","description":"Une heure de rire","publisher":{"@id":"https:\/\/gazettedestricoteuses.fr\/#\/schema\/person\/6ded49873964534df6216cd9bc3d8f9c"},"potentialAction":[{"@type":"SearchAction","target":{"@type":"EntryPoint","urlTemplate":"https:\/\/gazettedestricoteuses.fr\/?s={search_term_string}"},"query-input":{"@type":"PropertyValueSpecification","valueRequired":true,"valueName":"search_term_string"}}],"inLanguage":"fr-FR"},{"@type":["Person","Organization"],"@id":"https:\/\/gazettedestricoteuses.fr\/#\/schema\/person\/6ded49873964534df6216cd9bc3d8f9c","name":"Germaine et L\u00e9ontine","image":{"@type":"ImageObject","inLanguage":"fr-FR","@id":"https:\/\/gazettedestricoteuses.fr\/#\/schema\/person\/image\/","url":"https:\/\/secure.gravatar.com\/avatar\/e3f5f15c95fc5983ccd2e887cf6f77fe600b9912eed886cb4f520d0ec26562c3?s=96&d=mm&r=g","contentUrl":"https:\/\/secure.gravatar.com\/avatar\/e3f5f15c95fc5983ccd2e887cf6f77fe600b9912eed886cb4f520d0ec26562c3?s=96&d=mm&r=g","caption":"Germaine et L\u00e9ontine"},"logo":{"@id":"https:\/\/gazettedestricoteuses.fr\/#\/schema\/person\/image\/"},"sameAs":["http:\/\/gazettedestricoteuses.fr"]}]}},"_links":{"self":[{"href":"https:\/\/gazettedestricoteuses.fr\/index.php\/wp-json\/wp\/v2\/pages\/57","targetHints":{"allow":["GET"]}}],"collection":[{"href":"https:\/\/gazettedestricoteuses.fr\/index.php\/wp-json\/wp\/v2\/pages"}],"about":[{"href":"https:\/\/gazettedestricoteuses.fr\/index.php\/wp-json\/wp\/v2\/types\/page"}],"author":[{"embeddable":true,"href":"https:\/\/gazettedestricoteuses.fr\/index.php\/wp-json\/wp\/v2\/users\/1"}],"replies":[{"embeddable":true,"href":"https:\/\/gazettedestricoteuses.fr\/index.php\/wp-json\/wp\/v2\/comments?post=57"}],"version-history":[{"count":23,"href":"https:\/\/gazettedestricoteuses.fr\/index.php\/wp-json\/wp\/v2\/pages\/57\/revisions"}],"predecessor-version":[{"id":729,"href":"https:\/\/gazettedestricoteuses.fr\/index.php\/wp-json\/wp\/v2\/pages\/57\/revisions\/729"}],"wp:attachment":[{"href":"https:\/\/gazettedestricoteuses.fr\/index.php\/wp-json\/wp\/v2\/media?parent=57"}],"curies":[{"name":"wp","href":"https:\/\/api.w.org\/{rel}","templated":true}]}}