{"id":517,"date":"2025-01-24T17:43:00","date_gmt":"2025-01-24T16:43:00","guid":{"rendered":"https:\/\/gazettedestricoteuses.fr\/?page_id=517"},"modified":"2025-12-21T19:16:48","modified_gmt":"2025-12-21T18:16:48","slug":"souvenirs","status":"publish","type":"page","link":"https:\/\/gazettedestricoteuses.fr\/index.php\/souvenirs\/","title":{"rendered":"Souvenirs"},"content":{"rendered":"\n<p class=\"has-primary-color has-text-color has-background has-link-color has-small-font-size wp-elements-6579380b5d6d54b18c937698ccb754b4\" style=\"background-color:#da4c6d\"><strong>Chaque ville, chaque sc\u00e8ne, chaque public nous a offert un moment unique. Dans ces pages, nous avons rassembl\u00e9 les souvenirs des spectacles que nous avons partag\u00e9s avec vous : des images, des instants de coulisses et des \u00e9motions qui continuent de vibrer. Merci d&rsquo;avoir fait partie de ces rencontres qui donnent sens \u00e0 notre aventure artistique <\/strong><\/p>\n\n\n\n<div class=\"wp-block-buttons is-layout-flex wp-block-buttons-is-layout-flex\">\n<div class=\"wp-block-button\"><a class=\"wp-block-button__link wp-element-button\" href=\"https:\/\/gazettedestricoteuses.fr\/index.php\/saint-genies-de-malgoires\/\">Saint geni\u00e8s de malgoir\u00e8s<\/a><\/div>\n<\/div>\n\n\n\n<div class=\"wp-block-buttons is-layout-flex wp-block-buttons-is-layout-flex\">\n<div class=\"wp-block-button\"><a class=\"wp-block-button__link wp-element-button\" href=\"https:\/\/gazettedestricoteuses.fr\/index.php\/vic-le-comte\/\">Vic le comte<\/a><\/div>\n<\/div>\n\n\n\n<div class=\"wp-block-buttons is-layout-flex wp-block-buttons-is-layout-flex\">\n<div class=\"wp-block-button\"><a class=\"wp-block-button__link wp-element-button\" href=\"https:\/\/gazettedestricoteuses.fr\/index.php\/retour-sur-le-festival-autour-du-monde-a-lattes\/\">lattes<\/a><\/div>\n<\/div>\n\n\n\n<div class=\"wp-block-buttons is-layout-flex wp-block-buttons-is-layout-flex\">\n<div class=\"wp-block-button\"><a class=\"wp-block-button__link wp-element-button\" href=\"https:\/\/gazettedestricoteuses.fr\/index.php\/__trashed\/\">montpellier<\/a><\/div>\n<\/div>\n\n\n\n<div class=\"wp-block-buttons is-layout-flex wp-block-buttons-is-layout-flex\">\n<div class=\"wp-block-button\"><a class=\"wp-block-button__link wp-element-button\" href=\"https:\/\/gazettedestricoteuses.fr\/index.php\/la-gazette-des-tricoteuses\/\">pacy sur eure<\/a><\/div>\n<\/div>\n\n\n\n<div class=\"wp-block-buttons is-layout-flex wp-block-buttons-is-layout-flex\">\n<div class=\"wp-block-button\"><a class=\"wp-block-button__link wp-element-button\" href=\"https:\/\/gazettedestricoteuses.fr\/index.php\/blog\/\">saint malo<\/a><\/div>\n<\/div>\n","protected":false},"excerpt":{"rendered":"<p>Chaque ville, chaque sc\u00e8ne, chaque public nous a offert un moment unique. Dans ces pages, nous avons rassembl\u00e9 les souvenirs des spectacles que nous avons partag\u00e9s avec vous : des images, des instants de coulisses et des \u00e9motions qui continuent de vibrer. Merci d&rsquo;avoir fait partie de ces rencontres qui donnent sens \u00e0 notre aventure [&hellip;]<\/p>\n","protected":false},"author":1,"featured_media":0,"parent":0,"menu_order":0,"comment_status":"closed","ping_status":"closed","template":"","meta":{"footnotes":""},"class_list":["post-517","page","type-page","status-publish","hentry"],"yoast_head":"<!-- This site is optimized with the Yoast SEO plugin v26.6 - https:\/\/yoast.com\/wordpress\/plugins\/seo\/ -->\n<title>Souvenirs - La Gazette des Tricoteuses<\/title>\n<meta name=\"robots\" content=\"index, follow, max-snippet:-1, max-image-preview:large, max-video-preview:-1\" \/>\n<link rel=\"canonical\" href=\"https:\/\/gazettedestricoteuses.fr\/index.php\/souvenirs\/\" \/>\n<meta property=\"og:locale\" content=\"fr_FR\" \/>\n<meta property=\"og:type\" content=\"article\" \/>\n<meta property=\"og:title\" content=\"Souvenirs - La Gazette des Tricoteuses\" \/>\n<meta property=\"og:description\" content=\"Chaque ville, chaque sc\u00e8ne, chaque public nous a offert un moment unique. Dans ces pages, nous avons rassembl\u00e9 les souvenirs des spectacles que nous avons partag\u00e9s avec vous : des images, des instants de coulisses et des \u00e9motions qui continuent de vibrer. Merci d&rsquo;avoir fait partie de ces rencontres qui donnent sens \u00e0 notre aventure [&hellip;]\" \/>\n<meta property=\"og:url\" content=\"https:\/\/gazettedestricoteuses.fr\/index.php\/souvenirs\/\" \/>\n<meta property=\"og:site_name\" content=\"La Gazette des Tricoteuses\" \/>\n<meta property=\"article:modified_time\" content=\"2025-12-21T18:16:48+00:00\" \/>\n<meta name=\"twitter:card\" content=\"summary_large_image\" \/>\n<meta name=\"twitter:label1\" content=\"Dur\u00e9e de lecture estim\u00e9e\" \/>\n\t<meta name=\"twitter:data1\" content=\"1 minute\" \/>\n<script type=\"application\/ld+json\" class=\"yoast-schema-graph\">{\"@context\":\"https:\/\/schema.org\",\"@graph\":[{\"@type\":\"WebPage\",\"@id\":\"https:\/\/gazettedestricoteuses.fr\/index.php\/souvenirs\/\",\"url\":\"https:\/\/gazettedestricoteuses.fr\/index.php\/souvenirs\/\",\"name\":\"Souvenirs - La Gazette des Tricoteuses\",\"isPartOf\":{\"@id\":\"https:\/\/gazettedestricoteuses.fr\/#website\"},\"datePublished\":\"2025-01-24T16:43:00+00:00\",\"dateModified\":\"2025-12-21T18:16:48+00:00\",\"breadcrumb\":{\"@id\":\"https:\/\/gazettedestricoteuses.fr\/index.php\/souvenirs\/#breadcrumb\"},\"inLanguage\":\"fr-FR\",\"potentialAction\":[{\"@type\":\"ReadAction\",\"target\":[\"https:\/\/gazettedestricoteuses.fr\/index.php\/souvenirs\/\"]}]},{\"@type\":\"BreadcrumbList\",\"@id\":\"https:\/\/gazettedestricoteuses.fr\/index.php\/souvenirs\/#breadcrumb\",\"itemListElement\":[{\"@type\":\"ListItem\",\"position\":1,\"name\":\"Accueil\",\"item\":\"https:\/\/gazettedestricoteuses.fr\/\"},{\"@type\":\"ListItem\",\"position\":2,\"name\":\"Souvenirs\"}]},{\"@type\":\"WebSite\",\"@id\":\"https:\/\/gazettedestricoteuses.fr\/#website\",\"url\":\"https:\/\/gazettedestricoteuses.fr\/\",\"name\":\"La Gazette des Tricoteuses\",\"description\":\"Une heure de rire\",\"publisher\":{\"@id\":\"https:\/\/gazettedestricoteuses.fr\/#\/schema\/person\/6ded49873964534df6216cd9bc3d8f9c\"},\"potentialAction\":[{\"@type\":\"SearchAction\",\"target\":{\"@type\":\"EntryPoint\",\"urlTemplate\":\"https:\/\/gazettedestricoteuses.fr\/?s={search_term_string}\"},\"query-input\":{\"@type\":\"PropertyValueSpecification\",\"valueRequired\":true,\"valueName\":\"search_term_string\"}}],\"inLanguage\":\"fr-FR\"},{\"@type\":[\"Person\",\"Organization\"],\"@id\":\"https:\/\/gazettedestricoteuses.fr\/#\/schema\/person\/6ded49873964534df6216cd9bc3d8f9c\",\"name\":\"Germaine et L\u00e9ontine\",\"image\":{\"@type\":\"ImageObject\",\"inLanguage\":\"fr-FR\",\"@id\":\"https:\/\/gazettedestricoteuses.fr\/#\/schema\/person\/image\/\",\"url\":\"https:\/\/secure.gravatar.com\/avatar\/e3f5f15c95fc5983ccd2e887cf6f77fe600b9912eed886cb4f520d0ec26562c3?s=96&d=mm&r=g\",\"contentUrl\":\"https:\/\/secure.gravatar.com\/avatar\/e3f5f15c95fc5983ccd2e887cf6f77fe600b9912eed886cb4f520d0ec26562c3?s=96&d=mm&r=g\",\"caption\":\"Germaine et L\u00e9ontine\"},\"logo\":{\"@id\":\"https:\/\/gazettedestricoteuses.fr\/#\/schema\/person\/image\/\"},\"sameAs\":[\"http:\/\/gazettedestricoteuses.fr\"]}]}<\/script>\n<!-- \/ Yoast SEO plugin. -->","yoast_head_json":{"title":"Souvenirs - La Gazette des Tricoteuses","robots":{"index":"index","follow":"follow","max-snippet":"max-snippet:-1","max-image-preview":"max-image-preview:large","max-video-preview":"max-video-preview:-1"},"canonical":"https:\/\/gazettedestricoteuses.fr\/index.php\/souvenirs\/","og_locale":"fr_FR","og_type":"article","og_title":"Souvenirs - La Gazette des Tricoteuses","og_description":"Chaque ville, chaque sc\u00e8ne, chaque public nous a offert un moment unique. Dans ces pages, nous avons rassembl\u00e9 les souvenirs des spectacles que nous avons partag\u00e9s avec vous : des images, des instants de coulisses et des \u00e9motions qui continuent de vibrer. Merci d&rsquo;avoir fait partie de ces rencontres qui donnent sens \u00e0 notre aventure [&hellip;]","og_url":"https:\/\/gazettedestricoteuses.fr\/index.php\/souvenirs\/","og_site_name":"La Gazette des Tricoteuses","article_modified_time":"2025-12-21T18:16:48+00:00","twitter_card":"summary_large_image","twitter_misc":{"Dur\u00e9e de lecture estim\u00e9e":"1 minute"},"schema":{"@context":"https:\/\/schema.org","@graph":[{"@type":"WebPage","@id":"https:\/\/gazettedestricoteuses.fr\/index.php\/souvenirs\/","url":"https:\/\/gazettedestricoteuses.fr\/index.php\/souvenirs\/","name":"Souvenirs - La Gazette des Tricoteuses","isPartOf":{"@id":"https:\/\/gazettedestricoteuses.fr\/#website"},"datePublished":"2025-01-24T16:43:00+00:00","dateModified":"2025-12-21T18:16:48+00:00","breadcrumb":{"@id":"https:\/\/gazettedestricoteuses.fr\/index.php\/souvenirs\/#breadcrumb"},"inLanguage":"fr-FR","potentialAction":[{"@type":"ReadAction","target":["https:\/\/gazettedestricoteuses.fr\/index.php\/souvenirs\/"]}]},{"@type":"BreadcrumbList","@id":"https:\/\/gazettedestricoteuses.fr\/index.php\/souvenirs\/#breadcrumb","itemListElement":[{"@type":"ListItem","position":1,"name":"Accueil","item":"https:\/\/gazettedestricoteuses.fr\/"},{"@type":"ListItem","position":2,"name":"Souvenirs"}]},{"@type":"WebSite","@id":"https:\/\/gazettedestricoteuses.fr\/#website","url":"https:\/\/gazettedestricoteuses.fr\/","name":"La Gazette des Tricoteuses","description":"Une heure de rire","publisher":{"@id":"https:\/\/gazettedestricoteuses.fr\/#\/schema\/person\/6ded49873964534df6216cd9bc3d8f9c"},"potentialAction":[{"@type":"SearchAction","target":{"@type":"EntryPoint","urlTemplate":"https:\/\/gazettedestricoteuses.fr\/?s={search_term_string}"},"query-input":{"@type":"PropertyValueSpecification","valueRequired":true,"valueName":"search_term_string"}}],"inLanguage":"fr-FR"},{"@type":["Person","Organization"],"@id":"https:\/\/gazettedestricoteuses.fr\/#\/schema\/person\/6ded49873964534df6216cd9bc3d8f9c","name":"Germaine et L\u00e9ontine","image":{"@type":"ImageObject","inLanguage":"fr-FR","@id":"https:\/\/gazettedestricoteuses.fr\/#\/schema\/person\/image\/","url":"https:\/\/secure.gravatar.com\/avatar\/e3f5f15c95fc5983ccd2e887cf6f77fe600b9912eed886cb4f520d0ec26562c3?s=96&d=mm&r=g","contentUrl":"https:\/\/secure.gravatar.com\/avatar\/e3f5f15c95fc5983ccd2e887cf6f77fe600b9912eed886cb4f520d0ec26562c3?s=96&d=mm&r=g","caption":"Germaine et L\u00e9ontine"},"logo":{"@id":"https:\/\/gazettedestricoteuses.fr\/#\/schema\/person\/image\/"},"sameAs":["http:\/\/gazettedestricoteuses.fr"]}]}},"_links":{"self":[{"href":"https:\/\/gazettedestricoteuses.fr\/index.php\/wp-json\/wp\/v2\/pages\/517","targetHints":{"allow":["GET"]}}],"collection":[{"href":"https:\/\/gazettedestricoteuses.fr\/index.php\/wp-json\/wp\/v2\/pages"}],"about":[{"href":"https:\/\/gazettedestricoteuses.fr\/index.php\/wp-json\/wp\/v2\/types\/page"}],"author":[{"embeddable":true,"href":"https:\/\/gazettedestricoteuses.fr\/index.php\/wp-json\/wp\/v2\/users\/1"}],"replies":[{"embeddable":true,"href":"https:\/\/gazettedestricoteuses.fr\/index.php\/wp-json\/wp\/v2\/comments?post=517"}],"version-history":[{"count":25,"href":"https:\/\/gazettedestricoteuses.fr\/index.php\/wp-json\/wp\/v2\/pages\/517\/revisions"}],"predecessor-version":[{"id":827,"href":"https:\/\/gazettedestricoteuses.fr\/index.php\/wp-json\/wp\/v2\/pages\/517\/revisions\/827"}],"wp:attachment":[{"href":"https:\/\/gazettedestricoteuses.fr\/index.php\/wp-json\/wp\/v2\/media?parent=517"}],"curies":[{"name":"wp","href":"https:\/\/api.w.org\/{rel}","templated":true}]}}