{"id":502,"date":"2025-01-24T16:38:32","date_gmt":"2025-01-24T15:38:32","guid":{"rendered":"https:\/\/gazettedestricoteuses.fr\/?page_id=502"},"modified":"2025-12-21T19:25:40","modified_gmt":"2025-12-21T18:25:40","slug":"retour-sur-le-festival-autour-du-monde-a-lattes","status":"publish","type":"page","link":"https:\/\/gazettedestricoteuses.fr\/index.php\/retour-sur-le-festival-autour-du-monde-a-lattes\/","title":{"rendered":"LATTES"},"content":{"rendered":"\n<figure class=\"wp-block-image size-large is-resized\"><img data-recalc-dims=\"1\" loading=\"lazy\" decoding=\"async\" width=\"580\" height=\"818\" src=\"https:\/\/i0.wp.com\/gazettedestricoteuses.fr\/wp-content\/uploads\/2025\/01\/AUTOUR-DU-MONDE-Affiche-A3-communication.jpg?resize=580%2C818&#038;ssl=1\" alt=\"\" class=\"wp-image-544\" style=\"aspect-ratio:0.7089931715821589;width:255px;height:auto\" srcset=\"https:\/\/i0.wp.com\/gazettedestricoteuses.fr\/wp-content\/uploads\/2025\/01\/AUTOUR-DU-MONDE-Affiche-A3-communication-scaled.jpg?resize=726%2C1024&amp;ssl=1 726w, https:\/\/i0.wp.com\/gazettedestricoteuses.fr\/wp-content\/uploads\/2025\/01\/AUTOUR-DU-MONDE-Affiche-A3-communication-scaled.jpg?resize=213%2C300&amp;ssl=1 213w, https:\/\/i0.wp.com\/gazettedestricoteuses.fr\/wp-content\/uploads\/2025\/01\/AUTOUR-DU-MONDE-Affiche-A3-communication-scaled.jpg?resize=768%2C1083&amp;ssl=1 768w, https:\/\/i0.wp.com\/gazettedestricoteuses.fr\/wp-content\/uploads\/2025\/01\/AUTOUR-DU-MONDE-Affiche-A3-communication-scaled.jpg?w=1815&amp;ssl=1 1815w, https:\/\/i0.wp.com\/gazettedestricoteuses.fr\/wp-content\/uploads\/2025\/01\/AUTOUR-DU-MONDE-Affiche-A3-communication-scaled.jpg?w=1160&amp;ssl=1 1160w, https:\/\/i0.wp.com\/gazettedestricoteuses.fr\/wp-content\/uploads\/2025\/01\/AUTOUR-DU-MONDE-Affiche-A3-communication-scaled.jpg?w=1740&amp;ssl=1 1740w\" sizes=\"auto, (max-width: 580px) 100vw, 580px\" \/><figcaption class=\"wp-element-caption\">Lattes<\/figcaption><\/figure>\n\n\n\n<figure class=\"wp-block-image size-full is-resized\"><img data-recalc-dims=\"1\" loading=\"lazy\" decoding=\"async\" width=\"339\" height=\"335\" src=\"https:\/\/i0.wp.com\/gazettedestricoteuses.fr\/wp-content\/uploads\/2025\/01\/Capture-decran-2025-01-24-162715.png?resize=339%2C335&#038;ssl=1\" alt=\"\" class=\"wp-image-504\" style=\"aspect-ratio:1.0119495062080406;width:443px;height:auto\" srcset=\"https:\/\/i0.wp.com\/gazettedestricoteuses.fr\/wp-content\/uploads\/2025\/01\/Capture-decran-2025-01-24-162715.png?w=339&amp;ssl=1 339w, https:\/\/i0.wp.com\/gazettedestricoteuses.fr\/wp-content\/uploads\/2025\/01\/Capture-decran-2025-01-24-162715.png?resize=300%2C296&amp;ssl=1 300w\" sizes=\"auto, (max-width: 339px) 100vw, 339px\" \/><\/figure>\n\n\n\n<p><strong>La Gazette des Tricoteuses<\/strong> &#8230; Germaine &amp; L\u00e9ontine ont particip\u00e9 au festival \u00ab\u00a0<strong>Autour du monde<\/strong>\u00a0\u00bb organis\u00e9 par la r\u00e9sidence Jacques d&rsquo;Aragon de la Fondation Partage &amp; Vie sur le site de <strong>l&rsquo;espace Lattara \u00e0 Lattes<\/strong> en date du jeudi 03 octobre 2024.<\/p>\n\n\n\n<p>Nous remercions chaleureusement les organisateurs &#8230;Marie-Christine BASTIDE &#8211; Sandra AJUELOS &#8211; Florence &#8211; La municipalit\u00e9 de Lattes et son personnel technique.<\/p>\n\n\n\n<p>Un grand merci \u00e9galement au <strong>public enthousiaste <\/strong>avec lequel nous avons \u00e9chang\u00e9 apr\u00e8s la repr\u00e9sentation et retrouv\u00e9 sur les diff\u00e9rentes animations du festival.<\/p>\n\n\n\n<p class=\"has-text-align-center has-normal-font-size\"><strong>Une belle r\u00e9ussite &#8230; A renouveler &#8230;<\/strong><\/p>\n","protected":false},"excerpt":{"rendered":"<p>La Gazette des Tricoteuses &#8230; Germaine &amp; L\u00e9ontine ont particip\u00e9 au festival \u00ab\u00a0Autour du monde\u00a0\u00bb organis\u00e9 par la r\u00e9sidence Jacques d&rsquo;Aragon de la Fondation Partage &amp; Vie sur le site de l&rsquo;espace Lattara \u00e0 Lattes en date du jeudi 03 octobre 2024. Nous remercions chaleureusement les organisateurs &#8230;Marie-Christine BASTIDE &#8211; Sandra AJUELOS &#8211; Florence &#8211; [&hellip;]<\/p>\n","protected":false},"author":1,"featured_media":0,"parent":0,"menu_order":0,"comment_status":"closed","ping_status":"closed","template":"","meta":{"footnotes":""},"class_list":["post-502","page","type-page","status-publish","hentry"],"yoast_head":"<!-- This site is optimized with the Yoast SEO plugin v26.6 - https:\/\/yoast.com\/wordpress\/plugins\/seo\/ -->\n<title>LATTES - La Gazette des Tricoteuses<\/title>\n<meta name=\"robots\" content=\"index, follow, max-snippet:-1, max-image-preview:large, max-video-preview:-1\" \/>\n<link rel=\"canonical\" href=\"https:\/\/gazettedestricoteuses.fr\/index.php\/retour-sur-le-festival-autour-du-monde-a-lattes\/\" \/>\n<meta property=\"og:locale\" content=\"fr_FR\" \/>\n<meta property=\"og:type\" content=\"article\" \/>\n<meta property=\"og:title\" content=\"LATTES - La Gazette des Tricoteuses\" \/>\n<meta property=\"og:description\" content=\"La Gazette des Tricoteuses &#8230; Germaine &amp; L\u00e9ontine ont particip\u00e9 au festival \u00ab\u00a0Autour du monde\u00a0\u00bb organis\u00e9 par la r\u00e9sidence Jacques d&rsquo;Aragon de la Fondation Partage &amp; Vie sur le site de l&rsquo;espace Lattara \u00e0 Lattes en date du jeudi 03 octobre 2024. Nous remercions chaleureusement les organisateurs &#8230;Marie-Christine BASTIDE &#8211; Sandra AJUELOS &#8211; Florence &#8211; [&hellip;]\" \/>\n<meta property=\"og:url\" content=\"https:\/\/gazettedestricoteuses.fr\/index.php\/retour-sur-le-festival-autour-du-monde-a-lattes\/\" \/>\n<meta property=\"og:site_name\" content=\"La Gazette des Tricoteuses\" \/>\n<meta property=\"article:modified_time\" content=\"2025-12-21T18:25:40+00:00\" \/>\n<meta property=\"og:image\" content=\"https:\/\/gazettedestricoteuses.fr\/wp-content\/uploads\/2025\/01\/AUTOUR-DU-MONDE-Affiche-A3-communication-726x1024.jpg\" \/>\n<meta name=\"twitter:card\" content=\"summary_large_image\" \/>\n<meta name=\"twitter:label1\" content=\"Dur\u00e9e de lecture estim\u00e9e\" \/>\n\t<meta name=\"twitter:data1\" content=\"1 minute\" \/>\n<script type=\"application\/ld+json\" class=\"yoast-schema-graph\">{\"@context\":\"https:\/\/schema.org\",\"@graph\":[{\"@type\":\"WebPage\",\"@id\":\"https:\/\/gazettedestricoteuses.fr\/index.php\/retour-sur-le-festival-autour-du-monde-a-lattes\/\",\"url\":\"https:\/\/gazettedestricoteuses.fr\/index.php\/retour-sur-le-festival-autour-du-monde-a-lattes\/\",\"name\":\"LATTES - La Gazette des Tricoteuses\",\"isPartOf\":{\"@id\":\"https:\/\/gazettedestricoteuses.fr\/#website\"},\"primaryImageOfPage\":{\"@id\":\"https:\/\/gazettedestricoteuses.fr\/index.php\/retour-sur-le-festival-autour-du-monde-a-lattes\/#primaryimage\"},\"image\":{\"@id\":\"https:\/\/gazettedestricoteuses.fr\/index.php\/retour-sur-le-festival-autour-du-monde-a-lattes\/#primaryimage\"},\"thumbnailUrl\":\"https:\/\/gazettedestricoteuses.fr\/wp-content\/uploads\/2025\/01\/AUTOUR-DU-MONDE-Affiche-A3-communication-726x1024.jpg\",\"datePublished\":\"2025-01-24T15:38:32+00:00\",\"dateModified\":\"2025-12-21T18:25:40+00:00\",\"breadcrumb\":{\"@id\":\"https:\/\/gazettedestricoteuses.fr\/index.php\/retour-sur-le-festival-autour-du-monde-a-lattes\/#breadcrumb\"},\"inLanguage\":\"fr-FR\",\"potentialAction\":[{\"@type\":\"ReadAction\",\"target\":[\"https:\/\/gazettedestricoteuses.fr\/index.php\/retour-sur-le-festival-autour-du-monde-a-lattes\/\"]}]},{\"@type\":\"ImageObject\",\"inLanguage\":\"fr-FR\",\"@id\":\"https:\/\/gazettedestricoteuses.fr\/index.php\/retour-sur-le-festival-autour-du-monde-a-lattes\/#primaryimage\",\"url\":\"https:\/\/i0.wp.com\/gazettedestricoteuses.fr\/wp-content\/uploads\/2025\/01\/AUTOUR-DU-MONDE-Affiche-A3-communication-scaled.jpg?fit=1815%2C2560&ssl=1\",\"contentUrl\":\"https:\/\/i0.wp.com\/gazettedestricoteuses.fr\/wp-content\/uploads\/2025\/01\/AUTOUR-DU-MONDE-Affiche-A3-communication-scaled.jpg?fit=1815%2C2560&ssl=1\",\"width\":1815,\"height\":2560,\"caption\":\"Lattes\"},{\"@type\":\"BreadcrumbList\",\"@id\":\"https:\/\/gazettedestricoteuses.fr\/index.php\/retour-sur-le-festival-autour-du-monde-a-lattes\/#breadcrumb\",\"itemListElement\":[{\"@type\":\"ListItem\",\"position\":1,\"name\":\"Accueil\",\"item\":\"https:\/\/gazettedestricoteuses.fr\/\"},{\"@type\":\"ListItem\",\"position\":2,\"name\":\"LATTES\"}]},{\"@type\":\"WebSite\",\"@id\":\"https:\/\/gazettedestricoteuses.fr\/#website\",\"url\":\"https:\/\/gazettedestricoteuses.fr\/\",\"name\":\"La Gazette des Tricoteuses\",\"description\":\"Une heure de rire\",\"publisher\":{\"@id\":\"https:\/\/gazettedestricoteuses.fr\/#\/schema\/person\/6ded49873964534df6216cd9bc3d8f9c\"},\"potentialAction\":[{\"@type\":\"SearchAction\",\"target\":{\"@type\":\"EntryPoint\",\"urlTemplate\":\"https:\/\/gazettedestricoteuses.fr\/?s={search_term_string}\"},\"query-input\":{\"@type\":\"PropertyValueSpecification\",\"valueRequired\":true,\"valueName\":\"search_term_string\"}}],\"inLanguage\":\"fr-FR\"},{\"@type\":[\"Person\",\"Organization\"],\"@id\":\"https:\/\/gazettedestricoteuses.fr\/#\/schema\/person\/6ded49873964534df6216cd9bc3d8f9c\",\"name\":\"Germaine et L\u00e9ontine\",\"image\":{\"@type\":\"ImageObject\",\"inLanguage\":\"fr-FR\",\"@id\":\"https:\/\/gazettedestricoteuses.fr\/#\/schema\/person\/image\/\",\"url\":\"https:\/\/secure.gravatar.com\/avatar\/e3f5f15c95fc5983ccd2e887cf6f77fe600b9912eed886cb4f520d0ec26562c3?s=96&d=mm&r=g\",\"contentUrl\":\"https:\/\/secure.gravatar.com\/avatar\/e3f5f15c95fc5983ccd2e887cf6f77fe600b9912eed886cb4f520d0ec26562c3?s=96&d=mm&r=g\",\"caption\":\"Germaine et L\u00e9ontine\"},\"logo\":{\"@id\":\"https:\/\/gazettedestricoteuses.fr\/#\/schema\/person\/image\/\"},\"sameAs\":[\"http:\/\/gazettedestricoteuses.fr\"]}]}<\/script>\n<!-- \/ Yoast SEO plugin. -->","yoast_head_json":{"title":"LATTES - La Gazette des Tricoteuses","robots":{"index":"index","follow":"follow","max-snippet":"max-snippet:-1","max-image-preview":"max-image-preview:large","max-video-preview":"max-video-preview:-1"},"canonical":"https:\/\/gazettedestricoteuses.fr\/index.php\/retour-sur-le-festival-autour-du-monde-a-lattes\/","og_locale":"fr_FR","og_type":"article","og_title":"LATTES - La Gazette des Tricoteuses","og_description":"La Gazette des Tricoteuses &#8230; Germaine &amp; L\u00e9ontine ont particip\u00e9 au festival \u00ab\u00a0Autour du monde\u00a0\u00bb organis\u00e9 par la r\u00e9sidence Jacques d&rsquo;Aragon de la Fondation Partage &amp; Vie sur le site de l&rsquo;espace Lattara \u00e0 Lattes en date du jeudi 03 octobre 2024. Nous remercions chaleureusement les organisateurs &#8230;Marie-Christine BASTIDE &#8211; Sandra AJUELOS &#8211; Florence &#8211; [&hellip;]","og_url":"https:\/\/gazettedestricoteuses.fr\/index.php\/retour-sur-le-festival-autour-du-monde-a-lattes\/","og_site_name":"La Gazette des Tricoteuses","article_modified_time":"2025-12-21T18:25:40+00:00","og_image":[{"url":"https:\/\/gazettedestricoteuses.fr\/wp-content\/uploads\/2025\/01\/AUTOUR-DU-MONDE-Affiche-A3-communication-726x1024.jpg","type":"","width":"","height":""}],"twitter_card":"summary_large_image","twitter_misc":{"Dur\u00e9e de lecture estim\u00e9e":"1 minute"},"schema":{"@context":"https:\/\/schema.org","@graph":[{"@type":"WebPage","@id":"https:\/\/gazettedestricoteuses.fr\/index.php\/retour-sur-le-festival-autour-du-monde-a-lattes\/","url":"https:\/\/gazettedestricoteuses.fr\/index.php\/retour-sur-le-festival-autour-du-monde-a-lattes\/","name":"LATTES - La Gazette des Tricoteuses","isPartOf":{"@id":"https:\/\/gazettedestricoteuses.fr\/#website"},"primaryImageOfPage":{"@id":"https:\/\/gazettedestricoteuses.fr\/index.php\/retour-sur-le-festival-autour-du-monde-a-lattes\/#primaryimage"},"image":{"@id":"https:\/\/gazettedestricoteuses.fr\/index.php\/retour-sur-le-festival-autour-du-monde-a-lattes\/#primaryimage"},"thumbnailUrl":"https:\/\/gazettedestricoteuses.fr\/wp-content\/uploads\/2025\/01\/AUTOUR-DU-MONDE-Affiche-A3-communication-726x1024.jpg","datePublished":"2025-01-24T15:38:32+00:00","dateModified":"2025-12-21T18:25:40+00:00","breadcrumb":{"@id":"https:\/\/gazettedestricoteuses.fr\/index.php\/retour-sur-le-festival-autour-du-monde-a-lattes\/#breadcrumb"},"inLanguage":"fr-FR","potentialAction":[{"@type":"ReadAction","target":["https:\/\/gazettedestricoteuses.fr\/index.php\/retour-sur-le-festival-autour-du-monde-a-lattes\/"]}]},{"@type":"ImageObject","inLanguage":"fr-FR","@id":"https:\/\/gazettedestricoteuses.fr\/index.php\/retour-sur-le-festival-autour-du-monde-a-lattes\/#primaryimage","url":"https:\/\/i0.wp.com\/gazettedestricoteuses.fr\/wp-content\/uploads\/2025\/01\/AUTOUR-DU-MONDE-Affiche-A3-communication-scaled.jpg?fit=1815%2C2560&ssl=1","contentUrl":"https:\/\/i0.wp.com\/gazettedestricoteuses.fr\/wp-content\/uploads\/2025\/01\/AUTOUR-DU-MONDE-Affiche-A3-communication-scaled.jpg?fit=1815%2C2560&ssl=1","width":1815,"height":2560,"caption":"Lattes"},{"@type":"BreadcrumbList","@id":"https:\/\/gazettedestricoteuses.fr\/index.php\/retour-sur-le-festival-autour-du-monde-a-lattes\/#breadcrumb","itemListElement":[{"@type":"ListItem","position":1,"name":"Accueil","item":"https:\/\/gazettedestricoteuses.fr\/"},{"@type":"ListItem","position":2,"name":"LATTES"}]},{"@type":"WebSite","@id":"https:\/\/gazettedestricoteuses.fr\/#website","url":"https:\/\/gazettedestricoteuses.fr\/","name":"La Gazette des Tricoteuses","description":"Une heure de rire","publisher":{"@id":"https:\/\/gazettedestricoteuses.fr\/#\/schema\/person\/6ded49873964534df6216cd9bc3d8f9c"},"potentialAction":[{"@type":"SearchAction","target":{"@type":"EntryPoint","urlTemplate":"https:\/\/gazettedestricoteuses.fr\/?s={search_term_string}"},"query-input":{"@type":"PropertyValueSpecification","valueRequired":true,"valueName":"search_term_string"}}],"inLanguage":"fr-FR"},{"@type":["Person","Organization"],"@id":"https:\/\/gazettedestricoteuses.fr\/#\/schema\/person\/6ded49873964534df6216cd9bc3d8f9c","name":"Germaine et L\u00e9ontine","image":{"@type":"ImageObject","inLanguage":"fr-FR","@id":"https:\/\/gazettedestricoteuses.fr\/#\/schema\/person\/image\/","url":"https:\/\/secure.gravatar.com\/avatar\/e3f5f15c95fc5983ccd2e887cf6f77fe600b9912eed886cb4f520d0ec26562c3?s=96&d=mm&r=g","contentUrl":"https:\/\/secure.gravatar.com\/avatar\/e3f5f15c95fc5983ccd2e887cf6f77fe600b9912eed886cb4f520d0ec26562c3?s=96&d=mm&r=g","caption":"Germaine et L\u00e9ontine"},"logo":{"@id":"https:\/\/gazettedestricoteuses.fr\/#\/schema\/person\/image\/"},"sameAs":["http:\/\/gazettedestricoteuses.fr"]}]}},"_links":{"self":[{"href":"https:\/\/gazettedestricoteuses.fr\/index.php\/wp-json\/wp\/v2\/pages\/502","targetHints":{"allow":["GET"]}}],"collection":[{"href":"https:\/\/gazettedestricoteuses.fr\/index.php\/wp-json\/wp\/v2\/pages"}],"about":[{"href":"https:\/\/gazettedestricoteuses.fr\/index.php\/wp-json\/wp\/v2\/types\/page"}],"author":[{"embeddable":true,"href":"https:\/\/gazettedestricoteuses.fr\/index.php\/wp-json\/wp\/v2\/users\/1"}],"replies":[{"embeddable":true,"href":"https:\/\/gazettedestricoteuses.fr\/index.php\/wp-json\/wp\/v2\/comments?post=502"}],"version-history":[{"count":4,"href":"https:\/\/gazettedestricoteuses.fr\/index.php\/wp-json\/wp\/v2\/pages\/502\/revisions"}],"predecessor-version":[{"id":829,"href":"https:\/\/gazettedestricoteuses.fr\/index.php\/wp-json\/wp\/v2\/pages\/502\/revisions\/829"}],"wp:attachment":[{"href":"https:\/\/gazettedestricoteuses.fr\/index.php\/wp-json\/wp\/v2\/media?parent=502"}],"curies":[{"name":"wp","href":"https:\/\/api.w.org\/{rel}","templated":true}]}}